{"id":222,"date":"2020-03-23T14:15:47","date_gmt":"2020-03-23T14:15:47","guid":{"rendered":"http:\/\/cocoloco-charcoal.com\/?page_id=222"},"modified":"2022-11-01T13:18:38","modified_gmt":"2022-11-01T13:18:38","slug":"about-product","status":"publish","type":"page","link":"https:\/\/cocoloco-charcoal.com\/de\/about-product\/","title":{"rendered":"About product"},"content":{"rendered":"<p>\n<section id=\"co-animated-banner\" class=\"fw-main-row\" style=\"background-image:url(https:\/\/cocoloco-charcoal.com\/wp-content\/uploads\/2022\/11\/main-page-banner-1-1.png);\" >\n\t<div class=\"fw-container-fluid\">\n\t\t<div class=\"fw-row\">\n\t<div class=\"fw-col-xs-12\">\n\t\n\t<div class=\"fw-row head-page-banner-back-row\">\n\t\t<div class=\"fw-col-lg-12 fw-col-md-12 fw-col-sm-12 fw-col-xs-12\">\n\t\t\t<div class=\"head-page-banner-back-wrap\">\n\t\t\t\t<div class=\"head-page-banner-back-wrap-image\">\n\t\t\t\t\t<img class=\"revealator-zoomout revealator-once\" src=\"https:\/\/cocoloco-charcoal.com\/wp-content\/themes\/blank_theme_2.3.1\/assets\/img\/COCOLOCO.svg\" alt=\"Cocoloco\"\/>\n\t\t\t\t\t\n\t\t\t\t\t<div class=\"head-page-banner-wrap\">\n\t\t\t\t\t\t\t\t\t\t\t\t\n\t\t\t\t\t\t\t\t\t\t\t\t\t<h3 class=\"revealator-slideup revealator-once\">\u00dcber unser Produkt<\/h3>\n\t\t\t\t\t\t\t\t\t\t\t<\/div>\n\t\t\t\t<\/div>\n\t\t\t<\/div>\n\t\t<\/div>\n\t<\/div>\n<\/div>\n<\/div>\n\n\t<\/div>\n\t\n\t<\/section>\n<section id=\"co-chess-content\" class=\"fw-main-row\"  >\n\t<div class=\"fw-container-fluid\">\n\t\t<div class=\"fw-row\">\n\t<div class=\"fw-col-xs-12\">\n\t\n\t\t\t<div class=\"fw-row chess-content-head\">\n\t\t\t<div class=\"fw-col-lg-12 fw-col-md-12 fw-col-sm-12 fw-col-xs-12\">\n\t\t\t\t<h2 class=\"revealator-zoomout revealator-once\">\u00dcber das Produkt<\/h2>\n\t\t\t<\/div>\n\t\t<\/div>\n\t\n\t<div class=\"fw-container\">\n\t\t\t\t\t<div class=\"fw-row chess-content-sub-head\">\n\t\t\t\t<div class=\"fw-col-lg-12 fw-col-md-12 fw-col-sm-12 fw-col-xs-12 revealator-slideup revealator-once\">\n\t\t\t\t\t\t\t\t\t\t\t<h3>Umweltfreundliches Produkt<\/h3>\n\t\t\t\t\t\t\t\t\t\t\n\t\t\t\t\t\t\t\t\t\t\t<span>besteht aus: tapioka, Kokosnussschale und Quellwasser<\/span>\n\t\t\t\t\t\t\t\t\t<\/div>\n\t\t\t<\/div>\n\t\t\t\t\n\t\t<div class=\"fw-row chess-content-row\">\n\t\t\t<div class=\"fw-col-lg-12 fw-col-md-12 fw-col-sm-12 fw-col-xs-12\">\n\t\t\t\t<div class=\"chess-content-wrap\">\n\t\t\t\t\t\t\t\t\t\t\t\t\t\t\t\t\t\t<div class=\"chess-content-item\">\n\t\t\t\t\t\t\t\t<div class=\"chess-content-image\">\n\t\t\t\t\t\t\t\t\t<div class=\"chess-content-image-wrap revealator-zoomin revealator-once\" style=\"background-image: url(\/\/cocoloco-charcoal.com\/wp-content\/uploads\/2020\/03\/tapioca-icon.svg);\"><\/div>\n\t\t\t\t\t\t\t\t<\/div>\n\t\t\t\t\t\t\t\t<div class=\"chess-content-descr\">\n\t\t\t\t\t\t\t\t\t\t\t\t\t\t\t\t\t\t\t<span class=\"chess-content-title revealator-slidedown revealator-once\">Tapioka<\/span>\n\t\t\t\t\t\t\t\t\t\t\t\t\t\t\t\t\t\t\n\t\t\t\t\t\t\t\t\t\t\t\t\t\t\t\t\t\t\n\t\t\t\t\t\t\t\t\t\t\t\t\t\t\t\t\t\t\t<p class=\"revealator-slideup revealator-once\"><p>Eine st\u00e4rkehaltige Substanz zum Verkleben und Formen von verarbeiteten Kokosnussschalen<\/p><\/p>\n\t\t\t\t\t\t\t\t\t\t\t\t\t\t\t\t\t<\/div>\n\t\t\t\t\t\t\t<\/div>\n\t\t\t\t\t\t\t\t\t\t\t\t\t\t\t\t\t\t\t\t\t\t\t\t<div class=\"chess-content-item\">\n\t\t\t\t\t\t\t\t<div class=\"chess-content-image\">\n\t\t\t\t\t\t\t\t\t<div class=\"chess-content-image-wrap revealator-zoomin revealator-once\" style=\"background-image: url(\/\/cocoloco-charcoal.com\/wp-content\/uploads\/2020\/03\/cocos-icon.svg);\"><\/div>\n\t\t\t\t\t\t\t\t<\/div>\n\t\t\t\t\t\t\t\t<div class=\"chess-content-descr\">\n\t\t\t\t\t\t\t\t\t\t\t\t\t\t\t\t\t\t\t<span class=\"chess-content-title revealator-slidedown revealator-once\">Kokosnussschale<\/span>\n\t\t\t\t\t\t\t\t\t\t\t\t\t\t\t\t\t\t\n\t\t\t\t\t\t\t\t\t\t\t\t\t\t\t\t\t\t\n\t\t\t\t\t\t\t\t\t\t\t\t\t\t\t\t\t\t\t<p class=\"revealator-slideup revealator-once\"><p>Das Hauptbrennelement in Kokosnusskohle f\u00fcr Wasserpfeifen. Dank der richtig ausgew\u00e4hlten Kokosnuss und der Reihenfolge ihrer Verarbeitung erhalten wir am Ende ein hochwertiges Produkt, das die Shisha-Sch\u00fcssel erhitzen und den Tabakgeschmack offenbaren kann<\/p><\/p>\n\t\t\t\t\t\t\t\t\t\t\t\t\t\t\t\t\t<\/div>\n\t\t\t\t\t\t\t<\/div>\n\t\t\t\t\t\t\t\t\t\t\t\t\t\t\t\t\t\t\t\t\t\t\t\t<div class=\"chess-content-item\">\n\t\t\t\t\t\t\t\t<div class=\"chess-content-image\">\n\t\t\t\t\t\t\t\t\t<div class=\"chess-content-image-wrap revealator-zoomin revealator-once\" style=\"background-image: url(\/\/cocoloco-charcoal.com\/wp-content\/uploads\/2020\/03\/water-icon.svg);\"><\/div>\n\t\t\t\t\t\t\t\t<\/div>\n\t\t\t\t\t\t\t\t<div class=\"chess-content-descr\">\n\t\t\t\t\t\t\t\t\t\t\t\t\t\t\t\t\t\t\t<span class=\"chess-content-title revealator-slidedown revealator-once\">Quellwasser<\/span>\n\t\t\t\t\t\t\t\t\t\t\t\t\t\t\t\t\t\t\n\t\t\t\t\t\t\t\t\t\t\t\t\t\t\t\t\t\t\n\t\t\t\t\t\t\t\t\t\t\t\t\t\t\t\t\t<\/div>\n\t\t\t\t\t\t\t<\/div>\n\t\t\t\t\t\t\t\t\t\t\t\t\t\t\t<\/div>\n\t\t\t<\/div>\n\t\t<\/div>\n\t<\/div>\n<\/div>\n<\/div>\n\n\t<\/div>\n\t\n\t<\/section>\n<section id=\"co-centered-content\" class=\"fw-main-row\"  >\n\t<div class=\"fw-container-fluid\">\n\t\t<div class=\"fw-row\">\n\t<div class=\"fw-col-xs-12\">\n\t\n<\/div>\n<\/div>\n\n\t<\/div>\n\t\n\t<\/section>\n<section id=\"co-list-of-benefits\" class=\"fw-main-row\"  >\n\t<div class=\"fw-container\">\n\t\t<div class=\"fw-row\">\n\t<div class=\"fw-col-xs-12\">\n\t\n\t\t\t<div class=\"fw-row list-of-benefits-head\">\n\t\t\t<div class=\"fw-col-lg-12 fw-col-md-12 fw-col-sm-12 fw-col-xs-12\">\n\t\t\t\t<h3 class=\"revealator-zoomout revealator-once\">Das fertige Produkt wird nach vielen Kriterien gepr\u00fcft.<\/h3>\n\t\t\t<\/div>\n\t\t<\/div>\n\t\t\n\t\t\t<div class=\"fw-row list-of-benefits-row\">\n\t\t\t\t\t\t\t<div class=\"fw-col-lg-4 fw-col-md-4 fw-col-sm-4 fw-col-xs-12 revealator-slideup revealator-once\">\n\t\t\t\t\t<div class=\"list-of-benefits-item\">\n\t\t\t\t\t\t\t\t\t\t\t\t\n\t\t\t\t\t\t\t\t\t\t\t\t\t<span class=\"list-of-benefits-descr\">Z\u00fcndgeschwindigkeit<\/span>\n\t\t\t\t\t\t\t\t\t\t\t<\/div>\n\t\t\t\t<\/div>\n\t\t\t\t\t\t\t<div class=\"fw-col-lg-4 fw-col-md-4 fw-col-sm-4 fw-col-xs-12 revealator-slideup revealator-once\">\n\t\t\t\t\t<div class=\"list-of-benefits-item\">\n\t\t\t\t\t\t\t\t\t\t\t\t\n\t\t\t\t\t\t\t\t\t\t\t\t\t<span class=\"list-of-benefits-descr\">Verbrennungstemperatur<\/span>\n\t\t\t\t\t\t\t\t\t\t\t<\/div>\n\t\t\t\t<\/div>\n\t\t\t\t\t\t\t<div class=\"fw-col-lg-4 fw-col-md-4 fw-col-sm-4 fw-col-xs-12 revealator-slideup revealator-once\">\n\t\t\t\t\t<div class=\"list-of-benefits-item\">\n\t\t\t\t\t\t\t\t\t\t\t\t\n\t\t\t\t\t\t\t\t\t\t\t\t\t<span class=\"list-of-benefits-descr\">Der Einfluss auf den Geschmack von Tabak<\/span>\n\t\t\t\t\t\t\t\t\t\t\t<\/div>\n\t\t\t\t<\/div>\n\t\t\t\t\t<\/div>\n\t\t\t<div class=\"fw-row list-of-benefits-row\">\n\t\t\t\t\t\t\t<div class=\"fw-col-lg-4 fw-col-md-4 fw-col-sm-4 fw-col-xs-12 revealator-slideup revealator-once\">\n\t\t\t\t\t<div class=\"list-of-benefits-item\">\n\t\t\t\t\t\t\t\t\t\t\t\t\n\t\t\t\t\t\t\t\t\t\t\t\t\t<span class=\"list-of-benefits-descr\">Die Aschemenge und ihre Struktur<\/span>\n\t\t\t\t\t\t\t\t\t\t\t<\/div>\n\t\t\t\t<\/div>\n\t\t\t\t\t\t\t<div class=\"fw-col-lg-4 fw-col-md-4 fw-col-sm-4 fw-col-xs-12 revealator-slideup revealator-once\">\n\t\t\t\t\t<div class=\"list-of-benefits-item\">\n\t\t\t\t\t\t\t\t\t\t\t\t\n\t\t\t\t\t\t\t\t\t\t\t\t\t<span class=\"list-of-benefits-descr\">Brenndauer<\/span>\n\t\t\t\t\t\t\t\t\t\t\t<\/div>\n\t\t\t\t<\/div>\n\t\t\t\t\t\t\t<div class=\"fw-col-lg-4 fw-col-md-4 fw-col-sm-4 fw-col-xs-12 revealator-slideup revealator-once\">\n\t\t\t\t\t<div class=\"list-of-benefits-item\">\n\t\t\t\t\t\t\t\t\t\t\t\t\n\t\t\t\t\t\t\t\t\t\t\t\t\t<span class=\"list-of-benefits-descr\">Chemische Zusammensetzung<\/span>\n\t\t\t\t\t\t\t\t\t\t\t<\/div>\n\t\t\t\t<\/div>\n\t\t\t\t\t<\/div>\n\t\t\t<div class=\"fw-row list-of-benefits-row\">\n\t\t\t\t\t\t\t<div class=\"fw-col-lg-4 fw-col-md-4 fw-col-sm-4 fw-col-xs-12 revealator-slideup revealator-once\">\n\t\t\t\t\t<div class=\"list-of-benefits-item\">\n\t\t\t\t\t\t\t\t\t\t\t\t\n\t\t\t\t\t\t\t\t\t\t\t\t\t<span class=\"list-of-benefits-descr\">Aussehen<\/span>\n\t\t\t\t\t\t\t\t\t\t\t<\/div>\n\t\t\t\t<\/div>\n\t\t\t\t\t\t\t<div class=\"fw-col-lg-4 fw-col-md-4 fw-col-sm-4 fw-col-xs-12 revealator-slideup revealator-once\">\n\t\t\t\t\t<div class=\"list-of-benefits-item\">\n\t\t\t\t\t\t\t\t\t\t\t\t\n\t\t\t\t\t\t\t\t\t\t\t\t\t<span class=\"list-of-benefits-descr\">Dichte<\/span>\n\t\t\t\t\t\t\t\t\t\t\t<\/div>\n\t\t\t\t<\/div>\n\t\t\t\t\t\t\t<div class=\"fw-col-lg-4 fw-col-md-4 fw-col-sm-4 fw-col-xs-12 revealator-slideup revealator-once\">\n\t\t\t\t\t<div class=\"list-of-benefits-item\">\n\t\t\t\t\t\t\t\t\t\t\t\t\n\t\t\t\t\t\t\t\t\t\t\t\t\t<span class=\"list-of-benefits-descr\">Die F\u00e4higkeit, sich bei k\u00f6rperlichen St\u00f6\u00dfen in Form zu halten (in eine Pinzette dr\u00fccken, in ein R\u00e4uchergef\u00e4\u00df oder auf eine Wasserpfeifenuntertasse werfen)<\/span>\n\t\t\t\t\t\t\t\t\t\t\t<\/div>\n\t\t\t\t<\/div>\n\t\t\t\t\t<\/div>\n\t<\/div>\n<\/div>\n\n\t<\/div>\n\t\n\t<\/section>\n<section id=\"centered-text\" class=\"fw-main-row\"  >\n\t<div class=\"fw-container\">\n\t\t<div class=\"fw-row\">\n\t<div class=\"fw-col-xs-12\">\n\t\n\t\t\t<div class=\"fw-row centered-text-head\">\n\t\t\t<div class=\"fw-col-lg-12 fw-col-md-12 fw-col-sm-12 fw-col-xs-12\">\n\t\t\t\t<h3 class=\"revealator-zoomout revealator-once\">Garantie<\/h3>\n\t\t\t<\/div>\n\t\t<\/div>\n\t\t\n\t<div class=\"fw-row centered-text-row\">\n\t\t<div class=\"fw-col-lg-12 fw-col-md-12 fw-col-sm-12 fw-col-xs-12\">\n\t\t\t<div class=\"centered-text-wrap revealator-slideup revealator-once\">\n\t\t\t\t<p>Wir sch\u00e4tzen unseren Ruf und sind von der Qualit\u00e4t unserer Ware \u00fcberzeugt, daher werden wir im Falle eines Problems den vollen Betrag zur\u00fcckerstatten oder die Ware ersetzen. Die Versandkosten werden ebenfalls erstattet<\/p>\t\t\t<\/div>\n\t\t\t\n\t\t\t\t\t\t\t<div class=\"centered-text-btn\">\n\t\t\t\t\t<a href=\"https:\/\/cocoloco-charcoal.com\/de\/products\/\" class=\"coco-pink-link\">\n\t\t\t\t\t\teine Bestellung aufgeben\t\t\t\t\t<\/a>\n\t\t\t\t<\/div>\n\t\t\t\t\t<\/div>\n\t<\/div>\n<\/div>\n<\/div>\n\n\t<\/div>\n\t\n\t<\/section><\/p>","protected":false},"excerpt":{"rendered":"<p>About a Product About a product Eco-friendly product Composed: tapioca, coconut shell and water Tapioca A starchy substance for bonding and shaping processed coconut shells Coconut shell The main burning element in coconut coal for hookah. Thanks to the correctly selected coconut and the sequence of its processing, at the<span>&#8230;<\/span><a href=\"https:\/\/cocoloco-charcoal.com\/de\/about-product\/\">More<\/a><\/p>","protected":false},"author":1,"featured_media":0,"parent":0,"menu_order":0,"comment_status":"closed","ping_status":"closed","template":"","meta":[],"yoast_head":"<!-- This site is optimized with the Yoast SEO plugin v20.5 - https:\/\/yoast.com\/wordpress\/plugins\/seo\/ -->\n<title>About product - Cocoloco<\/title>\n<meta name=\"robots\" content=\"index, follow, max-snippet:-1, max-image-preview:large, max-video-preview:-1\" \/>\n<link rel=\"canonical\" href=\"https:\/\/cocoloco-charcoal.com\/de\/about-product\/\" \/>\n<meta property=\"og:locale\" content=\"de_DE\" \/>\n<meta property=\"og:type\" content=\"article\" \/>\n<meta property=\"og:title\" content=\"About product - Cocoloco\" \/>\n<meta property=\"og:description\" content=\"About a Product About a product Eco-friendly product Composed: tapioca, coconut shell and water Tapioca A starchy substance for bonding and shaping processed coconut shells Coconut shell The main burning element in coconut coal for hookah. Thanks to the correctly selected coconut and the sequence of its processing, at the...More\" \/>\n<meta property=\"og:url\" content=\"https:\/\/cocoloco-charcoal.com\/de\/about-product\/\" \/>\n<meta property=\"og:site_name\" content=\"Cocoloco\" \/>\n<meta property=\"article:modified_time\" content=\"2022-11-01T13:18:38+00:00\" \/>\n<meta property=\"og:image\" content=\"https:\/\/cocoloco-charcoal.com\/wp-content\/themes\/blank_theme_2.3.1\/assets\/img\/COCOLOCO.svg\" \/>\n<meta name=\"twitter:card\" content=\"summary_large_image\" \/>\n<meta name=\"twitter:label1\" content=\"Gesch\u00e4tzte Lesezeit\" \/>\n\t<meta name=\"twitter:data1\" content=\"1\u00a0Minute\" \/>\n<script type=\"application\/ld+json\" class=\"yoast-schema-graph\">{\"@context\":\"https:\/\/schema.org\",\"@graph\":[{\"@type\":\"WebPage\",\"@id\":\"https:\/\/cocoloco-charcoal.com\/about-product\/\",\"url\":\"https:\/\/cocoloco-charcoal.com\/about-product\/\",\"name\":\"About product - Cocoloco\",\"isPartOf\":{\"@id\":\"https:\/\/cocoloco-charcoal.com\/#website\"},\"datePublished\":\"2020-03-23T14:15:47+00:00\",\"dateModified\":\"2022-11-01T13:18:38+00:00\",\"breadcrumb\":{\"@id\":\"https:\/\/cocoloco-charcoal.com\/about-product\/#breadcrumb\"},\"inLanguage\":\"de-DE\",\"potentialAction\":[{\"@type\":\"ReadAction\",\"target\":[\"https:\/\/cocoloco-charcoal.com\/about-product\/\"]}]},{\"@type\":\"BreadcrumbList\",\"@id\":\"https:\/\/cocoloco-charcoal.com\/about-product\/#breadcrumb\",\"itemListElement\":[{\"@type\":\"ListItem\",\"position\":1,\"name\":\"\u0413\u043b\u0430\u0432\u043d\u0430\u044f \u0441\u0442\u0440\u0430\u043d\u0438\u0446\u0430\",\"item\":\"https:\/\/cocoloco-charcoal.com\/\"},{\"@type\":\"ListItem\",\"position\":2,\"name\":\"About product\"}]},{\"@type\":\"WebSite\",\"@id\":\"https:\/\/cocoloco-charcoal.com\/#website\",\"url\":\"https:\/\/cocoloco-charcoal.com\/\",\"name\":\"Cocoloco\",\"description\":\"Premium-quality coconut coal\",\"potentialAction\":[{\"@type\":\"SearchAction\",\"target\":{\"@type\":\"EntryPoint\",\"urlTemplate\":\"https:\/\/cocoloco-charcoal.com\/?s={search_term_string}\"},\"query-input\":\"required name=search_term_string\"}],\"inLanguage\":\"de-DE\"}]}<\/script>\n<!-- \/ Yoast SEO plugin. -->","yoast_head_json":{"title":"About product - Cocoloco","robots":{"index":"index","follow":"follow","max-snippet":"max-snippet:-1","max-image-preview":"max-image-preview:large","max-video-preview":"max-video-preview:-1"},"canonical":"https:\/\/cocoloco-charcoal.com\/de\/about-product\/","og_locale":"de_DE","og_type":"article","og_title":"About product - Cocoloco","og_description":"About a Product About a product Eco-friendly product Composed: tapioca, coconut shell and water Tapioca A starchy substance for bonding and shaping processed coconut shells Coconut shell The main burning element in coconut coal for hookah. Thanks to the correctly selected coconut and the sequence of its processing, at the...More","og_url":"https:\/\/cocoloco-charcoal.com\/de\/about-product\/","og_site_name":"Cocoloco","article_modified_time":"2022-11-01T13:18:38+00:00","og_image":[{"url":"https:\/\/cocoloco-charcoal.com\/wp-content\/themes\/blank_theme_2.3.1\/assets\/img\/COCOLOCO.svg"}],"twitter_card":"summary_large_image","twitter_misc":{"Gesch\u00e4tzte Lesezeit":"1\u00a0Minute"},"schema":{"@context":"https:\/\/schema.org","@graph":[{"@type":"WebPage","@id":"https:\/\/cocoloco-charcoal.com\/about-product\/","url":"https:\/\/cocoloco-charcoal.com\/about-product\/","name":"About product - Cocoloco","isPartOf":{"@id":"https:\/\/cocoloco-charcoal.com\/#website"},"datePublished":"2020-03-23T14:15:47+00:00","dateModified":"2022-11-01T13:18:38+00:00","breadcrumb":{"@id":"https:\/\/cocoloco-charcoal.com\/about-product\/#breadcrumb"},"inLanguage":"de-DE","potentialAction":[{"@type":"ReadAction","target":["https:\/\/cocoloco-charcoal.com\/about-product\/"]}]},{"@type":"BreadcrumbList","@id":"https:\/\/cocoloco-charcoal.com\/about-product\/#breadcrumb","itemListElement":[{"@type":"ListItem","position":1,"name":"\u0413\u043b\u0430\u0432\u043d\u0430\u044f \u0441\u0442\u0440\u0430\u043d\u0438\u0446\u0430","item":"https:\/\/cocoloco-charcoal.com\/"},{"@type":"ListItem","position":2,"name":"About product"}]},{"@type":"WebSite","@id":"https:\/\/cocoloco-charcoal.com\/#website","url":"https:\/\/cocoloco-charcoal.com\/","name":"Cocoloco","description":"Premium-quality coconut coal","potentialAction":[{"@type":"SearchAction","target":{"@type":"EntryPoint","urlTemplate":"https:\/\/cocoloco-charcoal.com\/?s={search_term_string}"},"query-input":"required name=search_term_string"}],"inLanguage":"de-DE"}]}},"_links":{"self":[{"href":"https:\/\/cocoloco-charcoal.com\/de\/wp-json\/wp\/v2\/pages\/222"}],"collection":[{"href":"https:\/\/cocoloco-charcoal.com\/de\/wp-json\/wp\/v2\/pages"}],"about":[{"href":"https:\/\/cocoloco-charcoal.com\/de\/wp-json\/wp\/v2\/types\/page"}],"author":[{"embeddable":true,"href":"https:\/\/cocoloco-charcoal.com\/de\/wp-json\/wp\/v2\/users\/1"}],"replies":[{"embeddable":true,"href":"https:\/\/cocoloco-charcoal.com\/de\/wp-json\/wp\/v2\/comments?post=222"}],"version-history":[{"count":0,"href":"https:\/\/cocoloco-charcoal.com\/de\/wp-json\/wp\/v2\/pages\/222\/revisions"}],"wp:attachment":[{"href":"https:\/\/cocoloco-charcoal.com\/de\/wp-json\/wp\/v2\/media?parent=222"}],"curies":[{"name":"wp","href":"https:\/\/api.w.org\/{rel}","templated":true}]}}